{"id":502,"date":"2024-12-04T00:51:28","date_gmt":"2024-12-03T23:51:28","guid":{"rendered":"http:\/\/plemeo.ai\/cookie-policy-eu-2\/"},"modified":"2025-06-11T22:27:39","modified_gmt":"2025-06-11T21:27:39","slug":"datenschutzerklarung","status":"publish","type":"page","link":"https:\/\/plemeo.ai\/en_gb\/datenschutzerklarung\/","title":{"rendered":"Privacy Policy"},"content":{"rendered":"<div data-elementor-type=\"wp-page\" data-elementor-id=\"502\" class=\"elementor elementor-502\" data-elementor-post-type=\"page\">\n\t\t\t\t<div class=\"elementor-element elementor-element-87049d6 e-flex e-con-boxed e-con e-parent\" data-id=\"87049d6\" data-element_type=\"container\" data-e-type=\"container\" data-settings=\"{&quot;ekit_has_onepagescroll_dot&quot;:&quot;yes&quot;}\">\n\t\t\t\t\t<div class=\"e-con-inner\">\n\t\t\t\t<div class=\"elementor-element elementor-element-fb6ae93 elementor-widget__width-auto text-gradient2 elementor-widget elementor-widget-heading\" data-id=\"fb6ae93\" data-element_type=\"widget\" data-e-type=\"widget\" data-settings=\"{&quot;ekit_we_effect_on&quot;:&quot;none&quot;}\" data-widget_type=\"heading.default\">\n\t\t\t\t<div class=\"elementor-widget-container\">\n\t\t\t\t\t<h2 class=\"elementor-heading-title elementor-size-default\">Privacy Policy<\/h2>\t\t\t\t<\/div>\n\t\t\t\t<\/div>\n\t\t\t\t\t<\/div>\n\t\t\t\t<\/div>\n\t\t<div class=\"elementor-element elementor-element-172dfd1e e-flex e-con-boxed e-con e-parent\" data-id=\"172dfd1e\" data-element_type=\"container\" data-e-type=\"container\" data-settings=\"{&quot;ekit_has_onepagescroll_dot&quot;:&quot;yes&quot;}\">\n\t\t\t\t\t<div class=\"e-con-inner\">\n\t\t\t\t<div class=\"elementor-element elementor-element-7431459b elementor-widget elementor-widget-shortcode\" data-id=\"7431459b\" data-element_type=\"widget\" data-e-type=\"widget\" data-settings=\"{&quot;ekit_we_effect_on&quot;:&quot;none&quot;}\" data-widget_type=\"shortcode.default\">\n\t\t\t\t<div class=\"elementor-widget-container\">\n\t\t\t\t\t\t\t<div class=\"elementor-shortcode\">\n<!-- Legal document generated by Complianz | GDPR\/CCPA Cookie Consent https:\/\/wordpress.org\/plugins\/complianz-gdpr -->\n<div id=\"cmplz-document\" class=\"cmplz-document privacy-statement cmplz-document-eu\"><p><i>This privacy statement was last updated on 30. October 2025 and applies to citizens and legal permanent residents of the European Economic Area and Switzerland.<\/i><br \/><br \/><\/p><p><p>In this privacy statement, we explain what we do with the data we obtain about you via <a href=\"https:\/\/plemeo.ai\/en_gb\">https:\/\/plemeo.ai\/en_gb<\/a>. We recommend you carefully read this statement. In our processing we comply with the requirements of privacy legislation. That means, among other things, that:<\/p><ul>\n                <li>we clearly state the purposes for which we process personal data. We do this by means of this privacy statement;<\/li>\n                <li>we aim to limit our collection of personal data to only the personal data required for legitimate purposes;<\/li>\n                <li>we first request your explicit consent to process your personal data in cases requiring your consent;<\/li>\n                <li>we take appropriate security measures to protect your personal data and also require this from parties that process personal data on our behalf;<\/li>\n                <li>we respect your right to access your personal data or have it corrected or deleted, at your request.<\/li>\n            <\/ul><p>If you have any questions, or want to know exactly what data we keep of you, please contact us.<\/p><\/p><h2>1. Purpose, data and retention period<\/h2>We may collect or receive personal information for a number of purposes connected with our business operations which may include the following: (click to expand)<details class=\"cmplz-dropdown dropdown-privacy-statement\"><summary><div><h3>1.1 Newsletters<\/h3><\/div><\/summary><p class=\"cmplz-subtitle\">For this purpose we use the following data:<\/p><p><ul><li>An email address<\/li><li>A first and last name<\/li><\/ul><\/p><p class=\"cmplz-subtitle\">The basis on which we may process these data is:<\/p><p><a target=\"_blank\" rel=\"noopener noreferrer nofollow\" href=\"https:\/\/cookiedatabase.org\/legal-bases\/#consent\">Upon the provision of consent.<\/a><\/p><p class=\"cmplz-subtitle\">Retention period<\/p><p>We retain this data until the service is terminated.<\/p><\/details><details class=\"cmplz-dropdown dropdown-privacy-statement\"><summary><div><h3>1.2 Contact - Through phone, mail, email and\/or webforms<\/h3><\/div><\/summary><p class=\"cmplz-subtitle\">For this purpose we use the following data:<\/p><p><ul><li>An email address<\/li><li>A first and last name<\/li><li>A telephone number<\/li><li>IP Address<\/li><li>A home or other physical address, including street name and name of a city or town<\/li><li>Internet activity information, including, but not limited to, browsing history, search history, and information regarding a consumer&#039;s interaction with an Internet Web site, application, or advertisement<\/li><li>Geolocation data<\/li><\/ul><\/p><p class=\"cmplz-subtitle\">The basis on which we may process these data is:<\/p><p><a target=\"_blank\" rel=\"noopener noreferrer nofollow\" href=\"https:\/\/cookiedatabase.org\/legal-bases\/#consent\">Upon the provision of consent.<\/a><\/p><p class=\"cmplz-subtitle\">Retention period<\/p><p>We retain this data until the service is terminated.<\/p><\/details><details class=\"cmplz-dropdown dropdown-privacy-statement\"><summary><div><h3>1.3 Compiling and analyzing statistics for website improvement.<\/h3><\/div><\/summary><p class=\"cmplz-subtitle\">For this purpose we use the following data:<\/p><p><ul><li>IP Address<\/li><li>Geolocation data<\/li><\/ul><\/p><p class=\"cmplz-subtitle\">The basis on which we may process these data is:<\/p><p><a target=\"_blank\" rel=\"noopener noreferrer nofollow\" href=\"https:\/\/cookiedatabase.org\/legal-bases\/#consent\">Upon the provision of consent.<\/a><\/p><p class=\"cmplz-subtitle\">Retention period<\/p><p>We retain this data until the service is terminated.<\/p><\/details><h2>2. Cookies<\/h2><p>Our website uses cookies. For more information about cookies, please refer to our <a href=\"https:\/\/plemeo.ai\/en_gb\/cookie-policy-eu\/\">Cookie Policy<\/a>.&nbsp;<\/p><h2>3. Disclosure practices<\/h2><p><p>We disclose personal information if we are required by law or by a court order, in response to a law enforcement agency, to the extent permitted under other provisions of law, to provide information, or for an investigation on a matter related to public safety.<\/p><p>If our website or organisation is taken over, sold, or involved in a merger or acquisition, your details may be disclosed to our advisers and any prospective purchasers and will be passed on to the new owners.<\/p><\/p><p>We have concluded a data Processing Agreement with Google.<\/p><p>Google may not use the data for any other Google services.<\/p><h2>4. Security<\/h2><p>We are committed to the security of personal data. We take appropriate security measures to limit abuse of and unauthorised access to personal data. This ensures that only the necessary persons have access to your data, that access to the data is protected, and that our security measures are regularly reviewed.<\/p><h2>5. Third-party websites<\/h2><p>This privacy statement does not apply to third-party websites connected by links on our website. We cannot guarantee that these third parties handle your personal data in a reliable or secure manner. We recommend you read the privacy statements of these websites prior to making use of these websites.<\/p><h2>6. Amendments to this privacy statement<\/h2><p>We reserve the right to make amendments to this privacy statement. It is recommended that you consult this privacy statement regularly in order to be aware of any changes. In addition, we will actively inform you wherever possible.<\/p><h2>7. Accessing and modifying your data<\/h2><p>If you have any questions or want to know which personal data we have about you, please contact us. You can contact us by using the information below. You have the following rights:<\/p><ul>\n                <li>You have the right to know why your personal data is needed, what will happen to it, and how long it will be retained for.<\/li>\n                <li>Right of access: You have the right to access your personal data that is known to us.<\/li>\n                <li>Right to rectification: you have the right to supplement, correct, have deleted or blocked your personal data whenever you wish.<\/li>\n                <li>If you give us your consent to process your data, you have the right to revoke that consent and to have your personal data deleted.<\/li>\n                <li>Right to transfer your data: you have the right to request all your personal data from the controller and transfer it in its entirety to another controller.<\/li>\n                <li>Right to object: you may object to the processing of your data. We comply with this, unless there are justified grounds for processing.<\/li>\n            <\/ul><p>Please make sure to always clearly state who you are, so that we can be certain that we do not modify or delete any data of the wrong person.<\/p><h2>8. Submitting a complaint<\/h2><p>If you are not satisfied with the way in which we handle (a complaint about) the processing of your personal data, you have the right to submit a complaint to the Data Protection Authority.<\/p><h2>9. Contact details<\/h2><p>plemeo GmbH<br \/>\n        Terminalstra\u00dfe Mitte 18<br \/>\n85356 M\u00fcnchen-Flughafen <br \/>\n        Germany<br \/>\n        Website: <a href=\"https:\/\/plemeo.ai\/en_gb\">https:\/\/plemeo.ai\/en_gb<\/a> <br \/>\n        Email: &#105;n&#102;&#111;&#064;p&#108;&#101;m&#101;o.&#100;&#101; <br \/>\n        Phone number: +49 176 80091322<\/p><h2>Annex<\/h2><p><h2>Really Simple Security<\/h2><p class=\"translation-block\">Really Simple Security and Really Simple Security Add-ons do not process any personal data, which means the GDPR does not apply to these plugins or their use on your website. You can find our privacy policy <a href=\"\/\/really-simple-ssl.com\/privacy-statement\/\" target=\"_self\">here<\/a>.<\/p><\/p><\/div><\/div>\n\t\t\t\t\t\t<\/div>\n\t\t\t\t<\/div>\n\t\t\t\t<div class=\"elementor-element elementor-element-eb36857 elementor-widget elementor-widget-text-editor\" data-id=\"eb36857\" data-element_type=\"widget\" data-e-type=\"widget\" data-settings=\"{&quot;ekit_we_effect_on&quot;:&quot;none&quot;}\" data-widget_type=\"text-editor.default\">\n\t\t\t\t<div class=\"elementor-widget-container\">\n\t\t\t\t\t\t\t\t\t<h4>Newsletter &amp; contact forms via HubSpot<\/h4><p class=\"translation-block\">For our newsletter sign-up and form processing, we use HubSpot, a service provided by HubSpot Inc., 25 First Street, Cambridge, MA 02141, USA.\nTo process forms, a cookie called <code>hubspotutk<\/code> is used to prevent spam and analyze user behavior in forms. This cookie is only set if you have consented to the use of marketing cookies.\nNewsletter registration follows a double opt-in procedure. Your data is used exclusively for communication purposes and will not be shared with third parties.\nFor more information, please refer to the <a href=\"https:\/\/legal.hubspot.com\/privacy-policy\" target=\"_blank\" rel=\"noopener\">HubSpot Privacy Policy<\/a>.<\/p>\t\t\t\t\t\t\t\t<\/div>\n\t\t\t\t<\/div>\n\t\t\t\t<div class=\"elementor-element elementor-element-b3cfd4f elementor-widget elementor-widget-text-editor\" data-id=\"b3cfd4f\" data-element_type=\"widget\" data-e-type=\"widget\" data-settings=\"{&quot;ekit_we_effect_on&quot;:&quot;none&quot;}\" data-widget_type=\"text-editor.default\">\n\t\t\t\t<div class=\"elementor-widget-container\">\n\t\t\t\t\t\t\t\t\t<h4>Statistical evaluations<\/h4><p class=\"translation-block\"><strong>Google Tag Manager<br><\/strong>We use Google Tag Manager to manage and trigger analysis and marketing tags. The Tag Manager itself does not process any personal data. However, the tags that are triggered via the Manager may collect data (e.g. Google Analytics or Microsoft Clarity). This data is only collected after you have given your express consent in the cookie banner.<\/p><p class=\"translation-block\"><strong>Microsoft Clarity<br><\/strong>We use Clarity to analyze mouse movements, clicks and scrolling behavior. Die Daten sind anonymisiert und dienen ausschlie\u00dflich statistischen Zwecken. Die Erhebung erfolgt nur nach Ihrer ausdr\u00fccklichen Zustimmung gem\u00e4\u00df Art. 6 Abs. 1 lit. a DSGVO.<\/p><p><strong>Microsoft Clarity<br \/><\/strong>Wir nutzen Clarity zur Analyse von Mausbewegungen, Klicks und Scrollverhalten. Die Daten sind anonymisiert und dienen ausschlie\u00dflich statistischen Zwecken. Die Erhebung erfolgt nur nach Ihrer ausdr\u00fccklichen Zustimmung gem\u00e4\u00df Art. 6 Abs. 1 lit. a DSGVO.<\/p>\t\t\t\t\t\t\t\t<\/div>\n\t\t\t\t<\/div>\n\t\t\t\t\t<\/div>\n\t\t\t\t<\/div>\n\t\t<div class=\"elementor-element elementor-element-f64edae e-flex e-con-boxed e-con e-parent\" data-id=\"f64edae\" data-element_type=\"container\" data-e-type=\"container\" data-settings=\"{&quot;ekit_has_onepagescroll_dot&quot;:&quot;yes&quot;}\">\n\t\t\t\t\t<div class=\"e-con-inner\">\n\t\t\t\t<div class=\"elementor-element elementor-element-e4e1574 elementor-widget elementor-widget-spacer\" data-id=\"e4e1574\" data-element_type=\"widget\" data-e-type=\"widget\" data-settings=\"{&quot;ekit_we_effect_on&quot;:&quot;none&quot;}\" data-widget_type=\"spacer.default\">\n\t\t\t\t<div class=\"elementor-widget-container\">\n\t\t\t\t\t\t\t<div class=\"elementor-spacer\">\n\t\t\t<div class=\"elementor-spacer-inner\"><\/div>\n\t\t<\/div>\n\t\t\t\t\t\t<\/div>\n\t\t\t\t<\/div>\n\t\t\t\t\t<\/div>\n\t\t\t\t<\/div>\n\t\t\t\t<\/div>","protected":false},"excerpt":{"rendered":"<p>Datenschutzerkl\u00e4rung Newsletter &amp; Kontaktformulare \u00fcber HubSpot F\u00fcr die Anmeldung zu unserem Newsletter sowie zur Verarbeitung von Formularen verwenden wir HubSpot, einen Dienst der HubSpot Inc., 25 First Street, Cambridge, MA 02141 USA. Zur Formularverarbeitung wird ein Cookie namens hubspotutk verwendet, um Spam zu vermeiden und das Nutzerverhalten auf Formularen zu analysieren. Dieses Cookie wird nur [&hellip;]<\/p>","protected":false},"author":1,"featured_media":0,"parent":0,"menu_order":0,"comment_status":"closed","ping_status":"closed","template":"elementor_header_footer","meta":{"footnotes":""},"class_list":["post-502","page","type-page","status-publish","hentry"],"_links":{"self":[{"href":"https:\/\/plemeo.ai\/en_gb\/wp-json\/wp\/v2\/pages\/502","targetHints":{"allow":["GET"]}}],"collection":[{"href":"https:\/\/plemeo.ai\/en_gb\/wp-json\/wp\/v2\/pages"}],"about":[{"href":"https:\/\/plemeo.ai\/en_gb\/wp-json\/wp\/v2\/types\/page"}],"author":[{"embeddable":true,"href":"https:\/\/plemeo.ai\/en_gb\/wp-json\/wp\/v2\/users\/1"}],"replies":[{"embeddable":true,"href":"https:\/\/plemeo.ai\/en_gb\/wp-json\/wp\/v2\/comments?post=502"}],"version-history":[{"count":10,"href":"https:\/\/plemeo.ai\/en_gb\/wp-json\/wp\/v2\/pages\/502\/revisions"}],"predecessor-version":[{"id":2521,"href":"https:\/\/plemeo.ai\/en_gb\/wp-json\/wp\/v2\/pages\/502\/revisions\/2521"}],"wp:attachment":[{"href":"https:\/\/plemeo.ai\/en_gb\/wp-json\/wp\/v2\/media?parent=502"}],"curies":[{"name":"wp","href":"https:\/\/api.w.org\/{rel}","templated":true}]}}